{"id":11,"date":"2019-03-15T19:21:17","date_gmt":"2019-03-15T19:21:17","guid":{"rendered":"https:\/\/www.aumondedubonsai.fr\/?page_id=11"},"modified":"2019-03-20T05:44:48","modified_gmt":"2019-03-20T05:44:48","slug":"lart-du-bonsai","status":"publish","type":"page","link":"https:\/\/www.aumondedubonsai.fr\/","title":{"rendered":"Tout savoir sur le Bonsai"},"content":{"rendered":"\n<p>L&rsquo;art antique de la culture des bonsa\u00efs a plus de mille ans. <\/p>\n\n\n\n<p>Beaucoup d&rsquo;individus ne sont savent pas que Bonsai signifie litt\u00e9ralement la signification : \u00ab\u00a0plante en pot \u00ab\u00a0.<\/p>\n\n\n\n<p> il y&rsquo; a cependant un large type de plantes, de buissons et m\u00eame des arbres qui peuvent \u00eatre form\u00e9s et conserv\u00e9s comme un bonsa\u00ef. <\/p>\n\n\n\n<p>Bien que g\u00e9n\u00e9ralement associ\u00e9e au Japon, la culture d&rsquo;arbres bonsa\u00efs est en fait originaire de Chine, o\u00f9 les arbres finissent par \u00eatre associ\u00e9s \u00e0 la religion du bouddhisme zen. <\/p>\n\n\n\n<p>Les bonsa\u00efs sont maintenant utilis\u00e9s \u00e0 des fins d\u00e9coratives et r\u00e9cr\u00e9atives en plus de leurs usages traditionnels. <\/p>\n\n\n\n<p>Prendre soin des bonsa\u00efs donne au cultivateur une chance de jouer un r\u00f4le contemplatif mais cr\u00e9atif dans la croissance d&rsquo;un embl\u00e8me de beaut\u00e9 naturelle.<\/p>\n\n\n\n<h2 class=\"wp-block-heading\">Comment choisir son bonsai ?<\/h2>\n\n\n\n<p style=\"text-align:left\">     1. Choisissez une esp\u00e8ce d&rsquo;arbre adapt\u00e9e \u00e0 votre climat<\/p>\n\n\n\n<p>Beaucoup de vivaces ligneuses et m\u00eame quelques plantes tropicales peuvent \u00eatre faites dans des arbres de bonsa\u00ef. <\/p>\n\n\n\n<p>Tous les bonsa\u00efs ne sont pas les m\u00eames. <\/p>\n\n\n\n<p>Mais pas toutes les esp\u00e8ces seront appropri\u00e9es \u00e0 votre climat.<\/p>\n\n\n\n<p>Lors de la s\u00e9lection d&rsquo;une esp\u00e8ce, il est important de consid\u00e9rer le climat dans lequel l&rsquo;arbre sera cultiv\u00e9. <\/p>\n\n\n\n<p>Par exemple, certains arbres meurent par temps de gel. Tandis que d&rsquo;autres exigent que la temp\u00e9rature baisse sous le gel afin qu&rsquo;ils puissent entrer dans un \u00e9tat dormant et se pr\u00e9parer au printemps. <\/p>\n\n\n\n<p>Avant de commencer \u00e0 planter un bonsa\u00ef, assurez-vous que l&rsquo;esp\u00e8ce que vous avez choisie peut vivre dans votre r\u00e9gion, surtout si vous envisagez d&rsquo;avoir un arbre en plein air.<\/p>\n\n\n\n<p>Une vari\u00e9t\u00e9 particuli\u00e8rement appropi\u00e9e au d\u00e9butants d&rsquo;arbre de bonsa\u00ef est le gen\u00e9vrier. <\/p>\n\n\n\n<p>Ces conif\u00e8res sont rustiques, survivent partout dans l&rsquo;h\u00e9misph\u00e8re Nord et m\u00eame dans les r\u00e9gions les plus temp\u00e9r\u00e9es de l&rsquo;h\u00e9misph\u00e8re Sud.<\/p>\n\n\n\n<p>Les gen\u00e9vrier est donc parfaitement adapt\u00e9 au climat en France.<\/p>\n\n\n\n<p>En outre, les arbres de geni\u00e8vre sont faciles \u00e0 faire grandir.<\/p>\n\n\n\n<p>Ils r\u00e9agissent bien \u00e0 l&rsquo;\u00e9lagage de formation, parce qu&rsquo;ils ne perdent jamais leurs feuilles. <\/p>\n\n\n\n<p>Cependant, ils sont plut\u00f4t lents \u00e0 cro\u00eetre.<\/p>\n\n\n\n<p>D&rsquo;autres conif\u00e8res commun\u00e9ment cultiv\u00e9s comme arbre bonsa\u00ef sont les pins, et les c\u00e8dres de nombreuses vari\u00e9t\u00e9s. <\/p>\n\n\n\n<p>Les arbres \u00e0 feuilles caduques (feuillues) sont une autre possibilit\u00e9-les \u00e9rables japonais sont particuli\u00e8rement beaux, tout comme les magnolias, les ormes et les ch\u00eanes. <\/p>\n\n\n\n<p>Enfin, certaines plantes tropicales non bois\u00e9es, comme le jade et  la rose de Noel, sont de bons choix pour les environnements int\u00e9rieurs dans des climats froids ou temp\u00e9r\u00e9s.<\/p>\n\n\n\n<p style=\"text-align:left\">     2. Est ce que vous souhaitez avoir un arbre int\u00e9rieur ou ext\u00e9rieur ?<\/p>\n\n\n\n<p>Les besoins des bonsa\u00efs int\u00e9rieurs et ext\u00e9rieurs peuvent \u00eatre radicalement diff\u00e9rents. <\/p>\n\n\n\n<p>En g\u00e9n\u00e9ral, les environnements int\u00e9rieurs sont plus secs et re\u00e7oivent moins de lumi\u00e8re que les environnements ext\u00e9rieurs. <\/p>\n\n\n\n<p>Vous aurez donc envie de choisir des arbres avec des exigences de lumi\u00e8re et d&rsquo;humidit\u00e9 inf\u00e9rieures. <\/p>\n\n\n\n<p>Ci-dessous sont \u00e9num\u00e9r\u00e9s quelques unes des vari\u00e9t\u00e9s les plus courantes de bonsa\u00ef, regroup\u00e9s par leur pertinence pour les environnements int\u00e9rieurs ou ext\u00e9rieurs: <\/p>\n\n\n\n<p>Int\u00e9rieur: Ficus , Carmona, Camellia, Sageretia, Ligustrum.<\/p>\n\n\n\n<p>Ext\u00e9rieur: geni\u00e8vre, cypr\u00e8s, c\u00e8dre, \u00e9rable, bouleau, h\u00eatre, ginkgo, m\u00e9l\u00e8ze, orme.<\/p>\n\n\n\n<p>Notez que les esp\u00e8ces temp\u00e9r\u00e9es n\u00e9cessitent une dormance hivernale ou bien l&rsquo;arbre finira par mourir. <\/p>\n\n\n\n<p>Ils ne peuvent pas \u00eatre cultiv\u00e9s \u00e0 l&rsquo;int\u00e9rieur pendant de longues p\u00e9riodes de temps.<\/p>\n\n\n\n<p>3. Choisir la taille de son bonsai<\/p>\n\n\n\n<p>Les arbres bonsai existent dans des grandes vari\u00e9t\u00e9s de tailles. <\/p>\n\n\n\n<p>Les arbres cultiv\u00e9s \u00e0 pleine croissance peuvent \u00eatre aussi petits que 15,2 cm et de 0,9 m) de hauteur, selon leur esp\u00e8ce. <\/p>\n\n\n\n<p>Si vous choisissez de cultiver votre bonsa\u00ef \u00e0 partir d&rsquo;un semis ou d&rsquo;une coupe \u00e0 partir d&rsquo;un autre arbre, ils peuvent commencer encore plus petit. <\/p>\n\n\n\n<p>Les plantes plus grandes n\u00e9cessitent plus d&rsquo;eau, de sol et de lumi\u00e8re du soleil, alors assurez-vous que vous avez toutes les commodit\u00e9s n\u00e9cessaires avant de faire votre achat.<\/p>\n\n\n\n<p>A noter que pour d\u00e9cider de la taille de votre arbre bonsa\u00ef vous devez pr\u00eater attention \u00e0 :    <\/p>\n\n\n\n<ul><li> La taille du r\u00e9cipient que vous allez utiliser<\/li><li>L&rsquo;espace disponible \u00e0 votre domicile ou au bureau<\/li><li>La disponibilit\u00e9 de la lumi\u00e8re du soleil \u00e0 votre domicile ou au bureau<\/li><li>La quantit\u00e9 de soins que vous serez en mesure d&rsquo;investir dans votre arbre (les arbres plus grands prennent plus de temps \u00e0 tailler<\/li><\/ul>\n\n\n\n<p>4. Visualisez le produit fini lors de la s\u00e9lection d&rsquo;une plante.<\/p>\n\n\n\n<p> Une fois que vous avez d\u00e9cid\u00e9 quel genre et quelle taille de Bonsai vous voudriez, votre choix devient plus facile \u00e0 prendre.<\/p>\n\n\n\n<p>Lors du choix d&rsquo;une plante, recherchez une couleur verte vibrante et saine de la feuille ou de l&rsquo;aiguille pour vous assurer que la plante est en bonne sant\u00e9.<\/p>\n\n\n\n<p> Cependant, gardez \u00e0 l&rsquo;esprit que les arbres \u00e0 feuilles caduques peuvent avoir des feuilles de couleur diff\u00e9rente \u00e0 l&rsquo;automne.<\/p>\n\n\n\n<p>Enfin, lorsque vous avez r\u00e9duit votre recherche aux plantes les plus saines et les plus jolies, imaginez \u00e0 quoi ressembleront chaque plante apr\u00e8s l&rsquo;avoir taill\u00e9. <\/p>\n\n\n\n<p>Une partie du plaisir de la culture d&rsquo;un bonsa\u00ef est de l&rsquo;\u00e9laguer en deouceur et de le fa\u00e7onner jusqu&rsquo;\u00e0 ce que le bon bonsai soit exactement comme vous le voulez.<\/p>\n\n\n\n<p>Cela peut prendre des ann\u00e9es. <\/p>\n\n\n\n<p>Choisissez un arbre dont la forme naturelle se pr\u00eate \u00e0 l&rsquo;\u00e9lagage et\/ou au plan de fa\u00e7onnage que vous avez \u00e0 l&rsquo;esprit. <\/p>\n\n\n\n<p>Beaucoup de bonsais sont fa\u00e7onn\u00e9s pour ressembler \u00e0 un arbre adulte, y compris la proportion, la forme, et le feuillage.<\/p>\n\n\n\n<p>Notez que si vous choisissez de cultiver votre bonsai \u00e0 partir d&rsquo;une graine, vous aurez la capacit\u00e9 de contr\u00f4ler la croissance de votre arbre dans presque toutes les \u00e9tapes de son d\u00e9veloppement. <\/p>\n\n\n\n<p>Cependant, il peut prendre jusqu&rsquo;\u00e0 5 ans (en fonction de l&rsquo;esp\u00e8ce d&rsquo;arbre) pour que le bonsa\u00ef de puisse cro\u00eetre \u00e0 partir d&rsquo;une graine et ressembler \u00e0 un arbre.<\/p>\n\n\n\n<p>Pour cette raison, si vous \u00eates int\u00e9ress\u00e9 par la taille ou le fa\u00e7onnage de votre arbre imm\u00e9diatement, vous ferez mieux d&rsquo;acheter une plante cultiv\u00e9e.<\/p>\n\n\n\n<p>Une autre option que vous avez, est de cultiver votre arbre de bonsaid&rsquo;une coupe. <\/p>\n\n\n\n<p>Les boutures sont des branches coup\u00e9es d&rsquo;arbres en croissance et transplant\u00e9es dans un nouveau sol pour commencer une plante distincte (mais g\u00e9n\u00e9tiquement identique). <\/p>\n\n\n\n<p>Les boutures sont un bon compromis. Ils ne prennent pas aussi longtemps pour cro\u00eetre comme les graines, mais ils offrent toujours une bonne partie de contr\u00f4le sur la croissance de l&rsquo;arbre.<\/p>\n\n\n\n<p>4. Choisissez un pot adapt\u00e9<\/p>\n\n\n\n<p>La caract\u00e9ristique distinctive des arbres de bonsai est qu&rsquo;ils sont plant\u00e9s dans des pots qui limitent leur croissance. <\/p>\n\n\n\n<p>Le facteur le plus important pour d\u00e9cider quel pot utiliser, est de s&rsquo;assurer que le pot est assez grand pour permettre au sol de couvrir les racines de la plante. <\/p>\n\n\n\n<p>Quand vous arrosez votre arbre, il absorbe l&rsquo;humidit\u00e9 du sol par ses racines. Vous ne voulez pas avoir une telle petite quantit\u00e9 de sol dans le pot que les racines des arbres ne peuvent pas retenir l&rsquo;humidit\u00e9.<\/p>\n","protected":false},"excerpt":{"rendered":"<p>L&rsquo;art antique de la culture des bonsa\u00efs a plus de mille ans. Beaucoup d&rsquo;individus ne sont savent pas que Bonsai signifie litt\u00e9ralement la signification : \u00ab\u00a0plante en pot \u00ab\u00a0. il y&rsquo; a cependant un large type de plantes, de buissons et m\u00eame des arbres qui peuvent \u00eatre form\u00e9s et conserv\u00e9s comme un bonsa\u00ef. Bien que [&hellip;]<\/p>\n","protected":false},"author":1,"featured_media":0,"parent":0,"menu_order":0,"comment_status":"closed","ping_status":"closed","template":"","meta":{"footnotes":""},"_links":{"self":[{"href":"https:\/\/www.aumondedubonsai.fr\/index.php?rest_route=\/wp\/v2\/pages\/11"}],"collection":[{"href":"https:\/\/www.aumondedubonsai.fr\/index.php?rest_route=\/wp\/v2\/pages"}],"about":[{"href":"https:\/\/www.aumondedubonsai.fr\/index.php?rest_route=\/wp\/v2\/types\/page"}],"author":[{"embeddable":true,"href":"https:\/\/www.aumondedubonsai.fr\/index.php?rest_route=\/wp\/v2\/users\/1"}],"replies":[{"embeddable":true,"href":"https:\/\/www.aumondedubonsai.fr\/index.php?rest_route=%2Fwp%2Fv2%2Fcomments&post=11"}],"version-history":[{"count":10,"href":"https:\/\/www.aumondedubonsai.fr\/index.php?rest_route=\/wp\/v2\/pages\/11\/revisions"}],"predecessor-version":[{"id":43,"href":"https:\/\/www.aumondedubonsai.fr\/index.php?rest_route=\/wp\/v2\/pages\/11\/revisions\/43"}],"wp:attachment":[{"href":"https:\/\/www.aumondedubonsai.fr\/index.php?rest_route=%2Fwp%2Fv2%2Fmedia&parent=11"}],"curies":[{"name":"wp","href":"https:\/\/api.w.org\/{rel}","templated":true}]}}